{"id":51,"date":"2025-11-07T02:46:05","date_gmt":"2025-11-07T02:46:05","guid":{"rendered":"https:\/\/vdwsolutions.com.mx\/?page_id=51"},"modified":"2026-01-23T03:50:57","modified_gmt":"2026-01-23T03:50:57","slug":"homepage","status":"publish","type":"page","link":"https:\/\/vdwsolutions.com.mx\/","title":{"rendered":"Inicio"},"content":{"rendered":"\t\t<div data-elementor-type=\"wp-page\" data-elementor-id=\"51\" class=\"elementor elementor-51\">\n\t\t\t\t<div class=\"elementor-element elementor-element-65dbb98f e-con-full e-flex e-con e-parent\" data-id=\"65dbb98f\" data-element_type=\"container\">\n\t\t\t\t<div class=\"elementor-element elementor-element-6e9dc8fb animated-fast elementor-invisible elementor-widget elementor-widget-flex-hero\" data-id=\"6e9dc8fb\" data-element_type=\"widget\" data-settings=\"{&quot;layout_preset&quot;:&quot;storytelling&quot;,&quot;primary_button_shape&quot;:&quot;round&quot;,&quot;_animation&quot;:&quot;fadeIn&quot;,&quot;_animation_delay&quot;:&quot;100&quot;,&quot;image_shape&quot;:&quot;sharp&quot;,&quot;box_shape&quot;:&quot;sharp&quot;}\" data-widget_type=\"flex-hero.default\">\n\t\t\t\t<div class=\"elementor-widget-container\">\n\t\t\t\t\t\t\t<div class=\"has-shape-sharp shape-type-box ehp-flex-hero has-layout-preset-storytelling\">\n\t\t\t\t\t\t<div class=\"ehp-flex-hero__overlay\"><\/div>\n\t\t\t<div class=\"ehp-flex-hero__content-container\">\n\t\t\t\t<h2 class=\"ehp-flex-hero__heading\">Soluciones inteligentes para el tratamiento y aprovechamiento del agua<\/h2><h4 class=\"ehp-flex-hero__subheading\">Dise\u00f1amos e instalamos sistemas de tratamiento de agua, humedales, biopiscinas y redes hidr\u00e1ulicas para proyectos residenciales, comerciales e industriales.<\/h4>\t\t\t<div class=\"ehp-flex-hero__ctas-container\">\n\t\t\t\t\t\t\t\t\t\t\t<\/div>\n\t\t\t\t\t<\/div>\n\t\t\t\t<div class=\"ehp-flex-hero__image-wrapper\">\n\t\t\t\t\t<div class=\"ehp-image ehp-flex-hero__image-container\">\n\t\t\t\t<img decoding=\"async\" class=\"ehp-image__img ehp-flex-hero__img has-shape-sharp shape-type-image\" src=\"https:\/\/vdwsolutions.com.mx\/wp-content\/uploads\/2025\/11\/vdw-solutions3-1.png\" title=\"Supervisi\u00f3n t\u00e9cnica en planta de tratamiento de aguas residuales \u2013 VDW Solutions\" alt=\"Ingenieros supervisando el panel de control de una planta de tratamiento de aguas residuales.\" loading=\"lazy\" \/>\t\t\t<\/div>\n\t\t\t\t\t<\/div>\n\t\t\t\t<\/div>\n\t\t\t\t\t\t<\/div>\n\t\t\t\t<\/div>\n\t\t\t\t<div class=\"elementor-element elementor-element-d7f9606 elementor-align-center elementor-widget elementor-widget-button\" data-id=\"d7f9606\" data-element_type=\"widget\" data-widget_type=\"button.default\">\n\t\t\t\t\t\t\t\t\t\t<a class=\"elementor-button elementor-button-link elementor-size-sm\" href=\"http:\/\/wa.me\/523333597925\">\n\t\t\t\t\t\t<span class=\"elementor-button-content-wrapper\">\n\t\t\t\t\t\t<span class=\"elementor-button-icon\">\n\t\t\t\t<svg aria-hidden=\"true\" class=\"e-font-icon-svg e-fas-phone-alt\" viewBox=\"0 0 512 512\" xmlns=\"http:\/\/www.w3.org\/2000\/svg\"><path d=\"M497.39 361.8l-112-48a24 24 0 0 0-28 6.9l-49.6 60.6A370.66 370.66 0 0 1 130.6 204.11l60.6-49.6a23.94 23.94 0 0 0 6.9-28l-48-112A24.16 24.16 0 0 0 122.6.61l-104 24A24 24 0 0 0 0 48c0 256.5 207.9 464 464 464a24 24 0 0 0 23.4-18.6l24-104a24.29 24.29 0 0 0-14.01-27.6z\"><\/path><\/svg>\t\t\t<\/span>\n\t\t\t\t\t\t\t\t\t<span class=\"elementor-button-text\">Solicitar diagn\u00f3stico<\/span>\n\t\t\t\t\t<\/span>\n\t\t\t\t\t<\/a>\n\t\t\t\t\t\t\t\t<\/div>\n\t\t\t\t<div class=\"elementor-element elementor-element-e634ebe elementor-widget elementor-widget-text-editor\" data-id=\"e634ebe\" data-element_type=\"widget\" data-widget_type=\"text-editor.default\">\n\t\t\t\t\t\t\t\t\t<h2>El manejo del agua no deber\u00eda ser un problema<\/h2><ul><li data-start=\"1691\" data-end=\"1741\"><h3 data-start=\"1693\" data-end=\"1741\">Sistemas ineficientes que no cumplen normativa<\/h3><\/li><li data-start=\"1742\" data-end=\"1787\"><h3 data-start=\"1744\" data-end=\"1787\">Altos costos de operaci\u00f3n y mantenimiento<\/h3><\/li><li data-start=\"1788\" data-end=\"1841\"><h3 data-start=\"1790\" data-end=\"1841\">Falta de soluciones sustentables y bien dise\u00f1adas<\/h3><\/li><\/ul>\t\t\t\t\t\t\t\t<\/div>\n\t\t\t\t<div class=\"elementor-element elementor-element-433d344 elementor-widget__width-auto elementor-widget elementor-widget-heading\" data-id=\"433d344\" data-element_type=\"widget\" data-widget_type=\"heading.default\">\n\t\t\t\t\t<h2 class=\"elementor-heading-title elementor-size-default\">En VDW Solutions dise\u00f1amos sistemas que funcionan, cumplen y perduran<\/h2>\t\t\t\t<\/div>\n\t\t\t\t<div class=\"elementor-element elementor-element-f05d13d elementor-widget elementor-widget-text-editor\" data-id=\"f05d13d\" data-element_type=\"widget\" data-widget_type=\"text-editor.default\">\n\t\t\t\t\t\t\t\t\t<blockquote data-start=\"2095\" data-end=\"2255\"><h3 data-start=\"2097\" data-end=\"2255\">Combinamos ingenier\u00eda hidr\u00e1ulica, tratamiento biol\u00f3gico y dise\u00f1o funcional para crear soluciones de agua eficientes, sustentables y adaptadas a cada proyecto.<\/h3><\/blockquote>\t\t\t\t\t\t\t\t<\/div>\n\t\t\t\t<\/div>\n\t\t<div class=\"elementor-element elementor-element-f4d3d58 e-flex e-con-boxed e-con e-parent\" data-id=\"f4d3d58\" data-element_type=\"container\">\n\t\t\t\t\t<div class=\"e-con-inner\">\n\t\t<div class=\"elementor-element elementor-element-9233ccf e-con-full e-flex e-con e-child\" data-id=\"9233ccf\" data-element_type=\"container\">\n\t\t\t\t<div class=\"elementor-element elementor-element-61bcea8 elementor-widget elementor-widget-image\" data-id=\"61bcea8\" data-element_type=\"widget\" data-widget_type=\"image.default\">\n\t\t\t\t\t\t\t\t\t\t\t\t\t\t\t<img fetchpriority=\"high\" decoding=\"async\" width=\"500\" height=\"500\" src=\"https:\/\/vdwsolutions.com.mx\/wp-content\/uploads\/2025\/11\/1.png\" class=\"attachment-large size-large wp-image-199\" alt=\"\" srcset=\"https:\/\/vdwsolutions.com.mx\/wp-content\/uploads\/2025\/11\/1.png 500w, https:\/\/vdwsolutions.com.mx\/wp-content\/uploads\/2025\/11\/1-300x300.png 300w, https:\/\/vdwsolutions.com.mx\/wp-content\/uploads\/2025\/11\/1-150x150.png 150w\" sizes=\"(max-width: 500px) 100vw, 500px\" \/>\t\t\t\t\t\t\t\t\t\t\t\t\t\t\t<\/div>\n\t\t\t\t<\/div>\n\t\t<div class=\"elementor-element elementor-element-8ccd35d e-con-full e-flex e-con e-child\" data-id=\"8ccd35d\" data-element_type=\"container\">\n\t\t\t\t<div class=\"elementor-element elementor-element-e66ea75 elementor-widget elementor-widget-image\" data-id=\"e66ea75\" data-element_type=\"widget\" data-widget_type=\"image.default\">\n\t\t\t\t\t\t\t\t\t\t\t\t\t\t\t<img decoding=\"async\" width=\"500\" height=\"500\" src=\"https:\/\/vdwsolutions.com.mx\/wp-content\/uploads\/2025\/11\/2.png\" class=\"attachment-large size-large wp-image-200\" alt=\"\" srcset=\"https:\/\/vdwsolutions.com.mx\/wp-content\/uploads\/2025\/11\/2.png 500w, https:\/\/vdwsolutions.com.mx\/wp-content\/uploads\/2025\/11\/2-300x300.png 300w, https:\/\/vdwsolutions.com.mx\/wp-content\/uploads\/2025\/11\/2-150x150.png 150w\" sizes=\"(max-width: 500px) 100vw, 500px\" \/>\t\t\t\t\t\t\t\t\t\t\t\t\t\t\t<\/div>\n\t\t\t\t<\/div>\n\t\t<div class=\"elementor-element elementor-element-d835fb8 e-con-full e-flex e-con e-child\" data-id=\"d835fb8\" data-element_type=\"container\">\n\t\t\t\t<div class=\"elementor-element elementor-element-d9363b7 elementor-widget elementor-widget-image\" data-id=\"d9363b7\" data-element_type=\"widget\" data-widget_type=\"image.default\">\n\t\t\t\t\t\t\t\t\t\t\t\t\t\t\t<img decoding=\"async\" width=\"500\" height=\"500\" src=\"https:\/\/vdwsolutions.com.mx\/wp-content\/uploads\/2025\/11\/3.png\" class=\"attachment-large size-large wp-image-201\" alt=\"\" srcset=\"https:\/\/vdwsolutions.com.mx\/wp-content\/uploads\/2025\/11\/3.png 500w, https:\/\/vdwsolutions.com.mx\/wp-content\/uploads\/2025\/11\/3-300x300.png 300w, https:\/\/vdwsolutions.com.mx\/wp-content\/uploads\/2025\/11\/3-150x150.png 150w\" sizes=\"(max-width: 500px) 100vw, 500px\" \/>\t\t\t\t\t\t\t\t\t\t\t\t\t\t\t<\/div>\n\t\t\t\t<\/div>\n\t\t<div class=\"elementor-element elementor-element-97764d8 e-con-full e-flex e-con e-child\" data-id=\"97764d8\" data-element_type=\"container\">\n\t\t\t\t<div class=\"elementor-element elementor-element-6ee42ed elementor-widget elementor-widget-image\" data-id=\"6ee42ed\" data-element_type=\"widget\" data-widget_type=\"image.default\">\n\t\t\t\t\t\t\t\t\t\t\t\t\t\t\t<img loading=\"lazy\" decoding=\"async\" width=\"500\" height=\"500\" src=\"https:\/\/vdwsolutions.com.mx\/wp-content\/uploads\/2025\/11\/4.png\" class=\"attachment-large size-large wp-image-202\" alt=\"\" srcset=\"https:\/\/vdwsolutions.com.mx\/wp-content\/uploads\/2025\/11\/4.png 500w, https:\/\/vdwsolutions.com.mx\/wp-content\/uploads\/2025\/11\/4-300x300.png 300w, https:\/\/vdwsolutions.com.mx\/wp-content\/uploads\/2025\/11\/4-150x150.png 150w\" sizes=\"(max-width: 500px) 100vw, 500px\" \/>\t\t\t\t\t\t\t\t\t\t\t\t\t\t\t<\/div>\n\t\t\t\t<\/div>\n\t\t\t\t\t<\/div>\n\t\t\t\t<\/div>\n\t\t<div class=\"elementor-element elementor-element-9786ec3 e-flex e-con-boxed e-con e-parent\" data-id=\"9786ec3\" data-element_type=\"container\">\n\t\t\t\t\t<div class=\"e-con-inner\">\n\t\t<div class=\"elementor-element elementor-element-e85f04c e-con-full e-flex e-con e-child\" data-id=\"e85f04c\" data-element_type=\"container\">\n\t\t\t\t<div class=\"elementor-element elementor-element-2bfba76 elementor-widget elementor-widget-heading\" data-id=\"2bfba76\" data-element_type=\"widget\" data-widget_type=\"heading.default\">\n\t\t\t\t\t<h2 class=\"elementor-heading-title elementor-size-default\">Plantas de Tratamiento de Aguas Residuales (PTAR)<\/h2>\t\t\t\t<\/div>\n\t\t\t\t<\/div>\n\t\t<div class=\"elementor-element elementor-element-25b0b8b e-con-full e-flex e-con e-child\" data-id=\"25b0b8b\" data-element_type=\"container\">\n\t\t\t\t<div class=\"elementor-element elementor-element-3683f61 elementor-widget elementor-widget-heading\" data-id=\"3683f61\" data-element_type=\"widget\" data-widget_type=\"heading.default\">\n\t\t\t\t\t<h2 class=\"elementor-heading-title elementor-size-default\">Biopiscinas<\/h2>\t\t\t\t<\/div>\n\t\t\t\t<\/div>\n\t\t<div class=\"elementor-element elementor-element-0c682f8 e-con-full e-flex e-con e-child\" data-id=\"0c682f8\" data-element_type=\"container\">\n\t\t\t\t<div class=\"elementor-element elementor-element-b338200 elementor-widget elementor-widget-heading\" data-id=\"b338200\" data-element_type=\"widget\" data-widget_type=\"heading.default\">\n\t\t\t\t\t<h2 class=\"elementor-heading-title elementor-size-default\">Redes Hidr\u00e1ulicas y Sanitarias<\/h2>\t\t\t\t<\/div>\n\t\t\t\t<\/div>\n\t\t<div class=\"elementor-element elementor-element-67d06a9 e-con-full e-flex e-con e-child\" data-id=\"67d06a9\" data-element_type=\"container\">\n\t\t\t\t<div class=\"elementor-element elementor-element-77f5504 elementor-widget elementor-widget-heading\" data-id=\"77f5504\" data-element_type=\"widget\" data-widget_type=\"heading.default\">\n\t\t\t\t\t<h2 class=\"elementor-heading-title elementor-size-default\">Asesor\u00edas T\u00e9cnicas y Diagn\u00f3sticos Especializados<\/h2>\t\t\t\t<\/div>\n\t\t\t\t<\/div>\n\t\t\t\t\t<\/div>\n\t\t\t\t<\/div>\n\t\t<div class=\"elementor-element elementor-element-817eb81 e-flex e-con-boxed e-con e-parent\" data-id=\"817eb81\" data-element_type=\"container\">\n\t\t\t\t\t<div class=\"e-con-inner\">\n\t\t\t\t<div class=\"elementor-element elementor-element-a996382 elementor-widget-divider--view-line elementor-widget elementor-widget-divider\" data-id=\"a996382\" data-element_type=\"widget\" data-widget_type=\"divider.default\">\n\t\t\t\t\t\t\t<div class=\"elementor-divider\">\n\t\t\t<span class=\"elementor-divider-separator\">\n\t\t\t\t\t\t<\/span>\n\t\t<\/div>\n\t\t\t\t\t\t<\/div>\n\t\t\t\t\t<\/div>\n\t\t\t\t<\/div>\n\t\t<div class=\"elementor-element elementor-element-2db062c e-flex e-con-boxed e-con e-parent\" data-id=\"2db062c\" data-element_type=\"container\" data-settings=\"{&quot;background_background&quot;:&quot;classic&quot;}\">\n\t\t\t\t\t<div class=\"e-con-inner\">\n\t\t<div class=\"elementor-element elementor-element-7d8d65d e-con-full e-flex e-con e-child\" data-id=\"7d8d65d\" data-element_type=\"container\">\n\t\t\t\t<div class=\"elementor-element elementor-element-b72420a elementor-widget elementor-widget-heading\" data-id=\"b72420a\" data-element_type=\"widget\" data-widget_type=\"heading.default\">\n\t\t\t\t\t<h4 class=\"elementor-heading-title elementor-size-default\">Ingenier\u00eda s\u00f3lida y procesos confiables para el manejo responsable del agua en cada proyecto<\/h4>\t\t\t\t<\/div>\n\t\t\t\t<\/div>\n\t\t<div class=\"elementor-element elementor-element-b2b595c e-con-full e-flex e-con e-child\" data-id=\"b2b595c\" data-element_type=\"container\">\n\t\t\t\t<div class=\"elementor-element elementor-element-40e21c4 elementor-widget elementor-widget-image\" data-id=\"40e21c4\" data-element_type=\"widget\" data-widget_type=\"image.default\">\n\t\t\t\t\t\t\t\t\t\t\t\t\t\t\t<img loading=\"lazy\" decoding=\"async\" width=\"800\" height=\"450\" src=\"https:\/\/vdwsolutions.com.mx\/wp-content\/uploads\/2025\/11\/4-1-1024x576.png\" class=\"attachment-large size-large wp-image-207\" alt=\"Tanques y estructuras de una planta de tratamiento de aguas residuales con sistemas hidr\u00e1ulicos industriales\" srcset=\"https:\/\/vdwsolutions.com.mx\/wp-content\/uploads\/2025\/11\/4-1-1024x576.png 1024w, https:\/\/vdwsolutions.com.mx\/wp-content\/uploads\/2025\/11\/4-1-300x169.png 300w, https:\/\/vdwsolutions.com.mx\/wp-content\/uploads\/2025\/11\/4-1-768x432.png 768w, https:\/\/vdwsolutions.com.mx\/wp-content\/uploads\/2025\/11\/4-1-1536x864.png 1536w, https:\/\/vdwsolutions.com.mx\/wp-content\/uploads\/2025\/11\/4-1.png 1920w\" sizes=\"(max-width: 800px) 100vw, 800px\" \/>\t\t\t\t\t\t\t\t\t\t\t\t\t\t\t<\/div>\n\t\t\t\t<\/div>\n\t\t\t\t\t<\/div>\n\t\t\t\t<\/div>\n\t\t<div class=\"elementor-element elementor-element-88517da e-flex e-con-boxed e-con e-parent\" data-id=\"88517da\" data-element_type=\"container\">\n\t\t\t\t\t<div class=\"e-con-inner\">\n\t\t\t\t<div class=\"elementor-element elementor-element-5aef6e4 elementor-widget-divider--view-line elementor-widget elementor-widget-divider\" data-id=\"5aef6e4\" data-element_type=\"widget\" data-widget_type=\"divider.default\">\n\t\t\t\t\t\t\t<div class=\"elementor-divider\">\n\t\t\t<span class=\"elementor-divider-separator\">\n\t\t\t\t\t\t<\/span>\n\t\t<\/div>\n\t\t\t\t\t\t<\/div>\n\t\t\t\t\t<\/div>\n\t\t\t\t<\/div>\n\t\t<div class=\"elementor-element elementor-element-e10de7e e-flex e-con-boxed e-con e-parent\" data-id=\"e10de7e\" data-element_type=\"container\">\n\t\t\t\t\t<div class=\"e-con-inner\">\n\t\t<div class=\"elementor-element elementor-element-6bc58e8 e-con-full e-flex e-con e-child\" data-id=\"6bc58e8\" data-element_type=\"container\">\n\t\t\t\t<\/div>\n\t\t<div class=\"elementor-element elementor-element-3916ad6 e-con-full e-flex e-con e-child\" data-id=\"3916ad6\" data-element_type=\"container\">\n\t\t<div class=\"elementor-element elementor-element-24ea8ee e-con-full e-flex e-con e-child\" data-id=\"24ea8ee\" data-element_type=\"container\">\n\t\t\t\t<div class=\"elementor-element elementor-element-4ef99d3 elementor-widget elementor-widget-heading\" data-id=\"4ef99d3\" data-element_type=\"widget\" data-widget_type=\"heading.default\">\n\t\t\t\t\t<h4 class=\"elementor-heading-title elementor-size-default\">Por qu\u00e9 elegirnos?<\/h4>\t\t\t\t<\/div>\n\t\t\t\t<\/div>\n\t\t<div class=\"elementor-element elementor-element-5949268 e-con-full e-flex e-con e-child\" data-id=\"5949268\" data-element_type=\"container\">\n\t\t\t\t<div class=\"elementor-element elementor-element-864fed2 elementor-widget elementor-widget-text-editor\" data-id=\"864fed2\" data-element_type=\"widget\" data-widget_type=\"text-editor.default\">\n\t\t\t\t\t\t\t\t\t<ul><li data-start=\"1615\" data-end=\"1673\"><p data-start=\"1617\" data-end=\"1673\">Entregamos proyectos completos, de dise\u00f1o a instalaci\u00f3n.<\/p><\/li><li data-start=\"1679\" data-end=\"1729\"><p data-start=\"1681\" data-end=\"1729\">Ingenier\u00eda respaldada por m\u00e9todos estructurados.<\/p><\/li><li data-start=\"1679\" data-end=\"1729\"><p data-start=\"1681\" data-end=\"1729\">Optimizaci\u00f3n de costos operativos.<\/p><\/li><li data-start=\"1777\" data-end=\"1809\"><p data-start=\"1779\" data-end=\"1809\">Alta eficiencia y durabilidad.<\/p><\/li><li data-start=\"1815\" data-end=\"1840\"><p data-start=\"1817\" data-end=\"1840\">Acompa\u00f1amiento experto.<\/p><\/li><\/ul>\t\t\t\t\t\t\t\t<\/div>\n\t\t\t\t<\/div>\n\t\t\t\t<\/div>\n\t\t\t\t\t<\/div>\n\t\t\t\t<\/div>\n\t\t\t\t<\/div>\n\t\t","protected":false},"excerpt":{"rendered":"<p>Soluciones inteligentes para el tratamiento y aprovechamiento del agua Dise\u00f1amos e instalamos sistemas de tratamiento de agua, humedales, biopiscinas y redes hidr\u00e1ulicas para proyectos residenciales, comerciales e industriales. Solicitar diagn\u00f3stico El manejo del agua no deber\u00eda ser un problema Sistemas ineficientes que no cumplen normativa Altos costos de operaci\u00f3n y mantenimiento Falta de soluciones sustentables [&hellip;]<\/p>\n","protected":false},"author":1,"featured_media":0,"parent":0,"menu_order":0,"comment_status":"closed","ping_status":"closed","template":"elementor_header_footer","meta":{"footnotes":""},"class_list":["post-51","page","type-page","status-publish","hentry"],"_links":{"self":[{"href":"https:\/\/vdwsolutions.com.mx\/index.php?rest_route=\/wp\/v2\/pages\/51","targetHints":{"allow":["GET"]}}],"collection":[{"href":"https:\/\/vdwsolutions.com.mx\/index.php?rest_route=\/wp\/v2\/pages"}],"about":[{"href":"https:\/\/vdwsolutions.com.mx\/index.php?rest_route=\/wp\/v2\/types\/page"}],"author":[{"embeddable":true,"href":"https:\/\/vdwsolutions.com.mx\/index.php?rest_route=\/wp\/v2\/users\/1"}],"replies":[{"embeddable":true,"href":"https:\/\/vdwsolutions.com.mx\/index.php?rest_route=%2Fwp%2Fv2%2Fcomments&post=51"}],"version-history":[{"count":109,"href":"https:\/\/vdwsolutions.com.mx\/index.php?rest_route=\/wp\/v2\/pages\/51\/revisions"}],"predecessor-version":[{"id":269,"href":"https:\/\/vdwsolutions.com.mx\/index.php?rest_route=\/wp\/v2\/pages\/51\/revisions\/269"}],"wp:attachment":[{"href":"https:\/\/vdwsolutions.com.mx\/index.php?rest_route=%2Fwp%2Fv2%2Fmedia&parent=51"}],"curies":[{"name":"wp","href":"https:\/\/api.w.org\/{rel}","templated":true}]}}